{"id":1616,"date":"2022-03-04T18:58:02","date_gmt":"2022-03-04T18:58:02","guid":{"rendered":"https:\/\/cardinal2021.dev.gxi.co\/?page_id=1616"},"modified":"2022-05-30T18:53:00","modified_gmt":"2022-05-30T18:53:00","slug":"a-propos","status":"publish","type":"page","link":"https:\/\/cardinalsales.ca\/fr\/a-propos\/","title":{"rendered":"\u00c0 propos"},"content":{"rendered":"\t\t<div data-elementor-type=\"wp-page\" data-elementor-id=\"1616\" class=\"elementor elementor-1616 elementor-474\" data-elementor-post-type=\"page\">\n\t\t\t\t\t\t<section class=\"elementor-section elementor-top-section elementor-element elementor-element-c2144a5 elementor-section-height-min-height elementor-section-boxed elementor-section-height-default elementor-section-items-middle\" data-id=\"c2144a5\" data-element_type=\"section\" data-settings=\"{&quot;background_background&quot;:&quot;classic&quot;}\">\n\t\t\t\t\t\t<div class=\"elementor-container elementor-column-gap-default\">\n\t\t\t\t\t<div class=\"elementor-column elementor-col-100 elementor-top-column elementor-element elementor-element-f6c7fd3\" data-id=\"f6c7fd3\" data-element_type=\"column\">\n\t\t\t<div class=\"elementor-widget-wrap elementor-element-populated\">\n\t\t\t\t\t\t<div class=\"elementor-element elementor-element-7509928 elementor-invisible elementor-widget elementor-widget-heading\" data-id=\"7509928\" data-element_type=\"widget\" data-settings=\"{&quot;_animation&quot;:&quot;fadeInUp&quot;}\" data-widget_type=\"heading.default\">\n\t\t\t\t<div class=\"elementor-widget-container\">\n\t\t\t\t\t<h1 class=\"elementor-heading-title elementor-size-default\">\u00c0 propos de nous\n<\/h1>\t\t\t\t<\/div>\n\t\t\t\t<\/div>\n\t\t\t\t\t<\/div>\n\t\t<\/div>\n\t\t\t\t\t<\/div>\n\t\t<\/section>\n\t\t\t\t<section class=\"elementor-section elementor-top-section elementor-element elementor-element-fe1eb2b elementor-section-boxed elementor-section-height-default elementor-section-height-default\" data-id=\"fe1eb2b\" data-element_type=\"section\" data-settings=\"{&quot;background_background&quot;:&quot;classic&quot;}\">\n\t\t\t\t\t\t<div class=\"elementor-container elementor-column-gap-default\">\n\t\t\t\t\t<div class=\"elementor-column elementor-col-100 elementor-top-column elementor-element elementor-element-424df78\" data-id=\"424df78\" data-element_type=\"column\">\n\t\t\t<div class=\"elementor-widget-wrap elementor-element-populated\">\n\t\t\t\t\t\t<div class=\"elementor-element elementor-element-13fcff9 elementor-invisible elementor-widget elementor-widget-heading\" data-id=\"13fcff9\" data-element_type=\"widget\" data-settings=\"{&quot;_animation&quot;:&quot;fadeInUp&quot;}\" data-widget_type=\"heading.default\">\n\t\t\t\t<div class=\"elementor-widget-container\">\n\t\t\t\t\t<h2 class=\"elementor-heading-title elementor-size-default\">NOUS SOMMES UN AGENT MANUFACTURIER, SP\u00c9CIALIS\u00c9 DANS LA REPR\u00c9SENTATION ET LA DISTRIBUTION DE PRODUITS DE M\u00c9CANIQUE DU B\u00c2TIMENT.<\/h2>\t\t\t\t<\/div>\n\t\t\t\t<\/div>\n\t\t\t\t<div class=\"elementor-element elementor-element-7d47e39 elementor-invisible elementor-widget elementor-widget-text-editor\" data-id=\"7d47e39\" data-element_type=\"widget\" data-settings=\"{&quot;_animation&quot;:&quot;fadeInUp&quot;}\" data-widget_type=\"text-editor.default\">\n\t\t\t\t<div class=\"elementor-widget-container\">\n\t\t\t\t\t\t\t\t\t<p>Comprendre vos attentes, \u00e9tablir une relation de confiance, \u00e9valuer vos s\u00e9lections techniques : voil\u00e0 notre mission. Oeuvrant dans le domaine de la plomberie depuis plus de 12 ans, tout en ayant \u00e0 coeur le d\u00e9veloppement et la r\u00e9alisation de vos projets.<\/p><p>Chez Cardinal Sales, nos conseillers vous offrent une collaboration empreinte d\u2019une qualit\u00e9 tant humaine que technique. Avec notre entrep\u00f4t sur place, nous prenons une attention particuli\u00e8re \u00e0 vous offrir un service des plus rapides et courtois pour ainsi vous faire \u00e9pargner du temps.<\/p><p>Notre \u00e9quipe \u00e9tant certifi\u00e9e en formation, notre salle de formation est \u00e0 votre disposition dans le but de vous seconder dans l&rsquo;apprentissage de nouveaux produits et services offerts.<\/p><p>Nous souhaitons donc la bienvenue \u00e0 notre client\u00e8le et gr\u00e2ce \u00e0 ce site nous esp\u00e9rons r\u00e9pondre \u00e0 vos attentes en tout temps.<\/p>\t\t\t\t\t\t\t\t<\/div>\n\t\t\t\t<\/div>\n\t\t\t\t\t<\/div>\n\t\t<\/div>\n\t\t\t\t\t<\/div>\n\t\t<\/section>\n\t\t\t\t<section class=\"elementor-section elementor-top-section elementor-element elementor-element-08e8689 elementor-section-boxed elementor-section-height-default elementor-section-height-default\" data-id=\"08e8689\" data-element_type=\"section\" data-settings=\"{&quot;background_background&quot;:&quot;classic&quot;}\">\n\t\t\t\t\t\t<div class=\"elementor-container elementor-column-gap-default\">\n\t\t\t\t\t<div class=\"elementor-column elementor-col-50 elementor-top-column elementor-element elementor-element-b68acc9\" data-id=\"b68acc9\" data-element_type=\"column\">\n\t\t\t<div class=\"elementor-widget-wrap elementor-element-populated\">\n\t\t\t\t\t\t<div class=\"elementor-element elementor-element-2b352b2 elementor-invisible elementor-widget elementor-widget-heading\" data-id=\"2b352b2\" data-element_type=\"widget\" data-settings=\"{&quot;_animation&quot;:&quot;fadeInUp&quot;}\" data-widget_type=\"heading.default\">\n\t\t\t\t<div class=\"elementor-widget-container\">\n\t\t\t\t\t<h3 class=\"elementor-heading-title elementor-size-default\">NOTRE CLIENT\u00c8LE\n\n<\/h3>\t\t\t\t<\/div>\n\t\t\t\t<\/div>\n\t\t\t\t<div class=\"elementor-element elementor-element-c3f9c6b elementor-invisible elementor-widget elementor-widget-text-editor\" data-id=\"c3f9c6b\" data-element_type=\"widget\" data-settings=\"{&quot;_animation&quot;:&quot;fadeInUp&quot;,&quot;_animation_delay&quot;:300}\" data-widget_type=\"text-editor.default\">\n\t\t\t\t<div class=\"elementor-widget-container\">\n\t\t\t\t\t\t\t\t\t<ul><li>Architectes<\/li><li>Ing\u00e9nieurs<\/li><li>Designers<\/li><li>Distributeurs-grossistes<\/li><li>Entrepreneurs<\/li><li>Entrepreneurs en m\u00e9canique du b\u00e2timent<\/li><li>Institutions et industries<\/li><\/ul>\t\t\t\t\t\t\t\t<\/div>\n\t\t\t\t<\/div>\n\t\t\t\t\t<\/div>\n\t\t<\/div>\n\t\t\t\t<div class=\"elementor-column elementor-col-50 elementor-top-column elementor-element elementor-element-34ce70e\" data-id=\"34ce70e\" data-element_type=\"column\">\n\t\t\t<div class=\"elementor-widget-wrap elementor-element-populated\">\n\t\t\t\t\t\t<div class=\"elementor-element elementor-element-0763496 elementor-invisible elementor-widget elementor-widget-heading\" data-id=\"0763496\" data-element_type=\"widget\" data-settings=\"{&quot;_animation&quot;:&quot;fadeInUp&quot;}\" data-widget_type=\"heading.default\">\n\t\t\t\t<div class=\"elementor-widget-container\">\n\t\t\t\t\t<h2 class=\"elementor-heading-title elementor-size-default\">DIVISIONS\n<\/h2>\t\t\t\t<\/div>\n\t\t\t\t<\/div>\n\t\t\t\t<div class=\"elementor-element elementor-element-7105aa8 elementor-invisible elementor-widget elementor-widget-text-editor\" data-id=\"7105aa8\" data-element_type=\"widget\" data-settings=\"{&quot;_animation&quot;:&quot;fadeInUp&quot;,&quot;_animation_delay&quot;:300}\" data-widget_type=\"text-editor.default\">\n\t\t\t\t<div class=\"elementor-widget-container\">\n\t\t\t\t\t\t\t\t\t<ul><li>Institutionel<\/li><li>Industriel<\/li><li>Construction<\/li><li>Services de sant\u00e9<\/li><\/ul>\t\t\t\t\t\t\t\t<\/div>\n\t\t\t\t<\/div>\n\t\t\t\t\t<\/div>\n\t\t<\/div>\n\t\t\t\t\t<\/div>\n\t\t<\/section>\n\t\t\t\t<\/div>\n\t\t","protected":false},"excerpt":{"rendered":"<p>\u00c0 propos de nous NOUS SOMMES UN AGENT MANUFACTURIER, SP\u00c9CIALIS\u00c9 DANS LA REPR\u00c9SENTATION ET LA DISTRIBUTION DE PRODUITS DE M\u00c9CANIQUE DU B\u00c2TIMENT. Comprendre vos attentes, \u00e9tablir une relation de confiance, \u00e9valuer vos s\u00e9lections techniques : voil\u00e0 notre mission. Oeuvrant dans le domaine de la plomberie depuis plus de 12 ans, tout en ayant \u00e0 coeur [&hellip;]<\/p>\n","protected":false},"author":1,"featured_media":0,"parent":0,"menu_order":0,"comment_status":"closed","ping_status":"closed","template":"","meta":{"site-sidebar-layout":"default","site-content-layout":"default","ast-site-content-layout":"default","site-content-style":"default","site-sidebar-style":"default","ast-global-header-display":"","ast-banner-title-visibility":"","ast-main-header-display":"","ast-hfb-above-header-display":"","ast-hfb-below-header-display":"","ast-hfb-mobile-header-display":"","site-post-title":"disabled","ast-breadcrumbs-content":"","ast-featured-img":"","footer-sml-layout":"","theme-transparent-header-meta":"default","adv-header-id-meta":"","stick-header-meta":"","header-above-stick-meta":"","header-main-stick-meta":"","header-below-stick-meta":"","astra-migrate-meta-layouts":"default","ast-page-background-enabled":"default","ast-page-background-meta":{"desktop":{"background-color":"","background-image":"","background-repeat":"repeat","background-position":"center center","background-size":"auto","background-attachment":"scroll","background-type":"","background-media":"","overlay-type":"","overlay-color":"","overlay-opacity":"","overlay-gradient":""},"tablet":{"background-color":"","background-image":"","background-repeat":"repeat","background-position":"center center","background-size":"auto","background-attachment":"scroll","background-type":"","background-media":"","overlay-type":"","overlay-color":"","overlay-opacity":"","overlay-gradient":""},"mobile":{"background-color":"","background-image":"","background-repeat":"repeat","background-position":"center center","background-size":"auto","background-attachment":"scroll","background-type":"","background-media":"","overlay-type":"","overlay-color":"","overlay-opacity":"","overlay-gradient":""}},"ast-content-background-meta":{"desktop":{"background-color":"var(--ast-global-color-5)","background-image":"","background-repeat":"repeat","background-position":"center center","background-size":"auto","background-attachment":"scroll","background-type":"","background-media":"","overlay-type":"","overlay-color":"","overlay-opacity":"","overlay-gradient":""},"tablet":{"background-color":"var(--ast-global-color-5)","background-image":"","background-repeat":"repeat","background-position":"center center","background-size":"auto","background-attachment":"scroll","background-type":"","background-media":"","overlay-type":"","overlay-color":"","overlay-opacity":"","overlay-gradient":""},"mobile":{"background-color":"var(--ast-global-color-5)","background-image":"","background-repeat":"repeat","background-position":"center center","background-size":"auto","background-attachment":"scroll","background-type":"","background-media":"","overlay-type":"","overlay-color":"","overlay-opacity":"","overlay-gradient":""}},"footnotes":""},"class_list":["post-1616","page","type-page","status-publish","hentry"],"yoast_head":"<!-- This site is optimized with the Yoast SEO plugin v26.4 - https:\/\/yoast.com\/wordpress\/plugins\/seo\/ -->\n<title>\u00c0 propos - Cardinal Sales<\/title>\n<meta name=\"robots\" content=\"index, follow, max-snippet:-1, max-image-preview:large, max-video-preview:-1\" \/>\n<link rel=\"canonical\" href=\"https:\/\/cardinalsales.ca\/fr\/a-propos\/\" \/>\n<meta property=\"og:locale\" content=\"fr_FR\" \/>\n<meta property=\"og:type\" content=\"article\" \/>\n<meta property=\"og:title\" content=\"\u00c0 propos - Cardinal Sales\" \/>\n<meta property=\"og:description\" content=\"\u00c0 propos de nous NOUS SOMMES UN AGENT MANUFACTURIER, SP\u00c9CIALIS\u00c9 DANS LA REPR\u00c9SENTATION ET LA DISTRIBUTION DE PRODUITS DE M\u00c9CANIQUE DU B\u00c2TIMENT. Comprendre vos attentes, \u00e9tablir une relation de confiance, \u00e9valuer vos s\u00e9lections techniques : voil\u00e0 notre mission. Oeuvrant dans le domaine de la plomberie depuis plus de 12 ans, tout en ayant \u00e0 coeur [&hellip;]\" \/>\n<meta property=\"og:url\" content=\"https:\/\/cardinalsales.ca\/fr\/a-propos\/\" \/>\n<meta property=\"og:site_name\" content=\"Cardinal Sales\" \/>\n<meta property=\"article:modified_time\" content=\"2022-05-30T18:53:00+00:00\" \/>\n<meta name=\"twitter:card\" content=\"summary_large_image\" \/>\n<meta name=\"twitter:label1\" content=\"Dur\u00e9e de lecture estim\u00e9e\" \/>\n\t<meta name=\"twitter:data1\" content=\"1 minute\" \/>\n<script type=\"application\/ld+json\" class=\"yoast-schema-graph\">{\"@context\":\"https:\/\/schema.org\",\"@graph\":[{\"@type\":\"WebPage\",\"@id\":\"https:\/\/cardinalsales.ca\/fr\/a-propos\/\",\"url\":\"https:\/\/cardinalsales.ca\/fr\/a-propos\/\",\"name\":\"\u00c0 propos - Cardinal Sales\",\"isPartOf\":{\"@id\":\"https:\/\/cardinalsales.ca\/#website\"},\"datePublished\":\"2022-03-04T18:58:02+00:00\",\"dateModified\":\"2022-05-30T18:53:00+00:00\",\"breadcrumb\":{\"@id\":\"https:\/\/cardinalsales.ca\/fr\/a-propos\/#breadcrumb\"},\"inLanguage\":\"fr-FR\",\"potentialAction\":[{\"@type\":\"ReadAction\",\"target\":[\"https:\/\/cardinalsales.ca\/fr\/a-propos\/\"]}]},{\"@type\":\"BreadcrumbList\",\"@id\":\"https:\/\/cardinalsales.ca\/fr\/a-propos\/#breadcrumb\",\"itemListElement\":[{\"@type\":\"ListItem\",\"position\":1,\"name\":\"Home\",\"item\":\"https:\/\/cardinalsales.ca\/fr\/\"},{\"@type\":\"ListItem\",\"position\":2,\"name\":\"\u00c0 propos\"}]},{\"@type\":\"WebSite\",\"@id\":\"https:\/\/cardinalsales.ca\/#website\",\"url\":\"https:\/\/cardinalsales.ca\/\",\"name\":\"Cardinal Sales\",\"description\":\"\",\"publisher\":{\"@id\":\"https:\/\/cardinalsales.ca\/#organization\"},\"potentialAction\":[{\"@type\":\"SearchAction\",\"target\":{\"@type\":\"EntryPoint\",\"urlTemplate\":\"https:\/\/cardinalsales.ca\/?s={search_term_string}\"},\"query-input\":{\"@type\":\"PropertyValueSpecification\",\"valueRequired\":true,\"valueName\":\"search_term_string\"}}],\"inLanguage\":\"fr-FR\"},{\"@type\":\"Organization\",\"@id\":\"https:\/\/cardinalsales.ca\/#organization\",\"name\":\"Cardinal Sales\",\"url\":\"https:\/\/cardinalsales.ca\/\",\"logo\":{\"@type\":\"ImageObject\",\"inLanguage\":\"fr-FR\",\"@id\":\"https:\/\/cardinalsales.ca\/#\/schema\/logo\/image\/\",\"url\":\"https:\/\/cardinalsales.ca\/wp-content\/uploads\/2021\/05\/logocardinals.png\",\"contentUrl\":\"https:\/\/cardinalsales.ca\/wp-content\/uploads\/2021\/05\/logocardinals.png\",\"width\":600,\"height\":168,\"caption\":\"Cardinal Sales\"},\"image\":{\"@id\":\"https:\/\/cardinalsales.ca\/#\/schema\/logo\/image\/\"}}]}<\/script>\n<!-- \/ Yoast SEO plugin. -->","yoast_head_json":{"title":"\u00c0 propos - Cardinal Sales","robots":{"index":"index","follow":"follow","max-snippet":"max-snippet:-1","max-image-preview":"max-image-preview:large","max-video-preview":"max-video-preview:-1"},"canonical":"https:\/\/cardinalsales.ca\/fr\/a-propos\/","og_locale":"fr_FR","og_type":"article","og_title":"\u00c0 propos - Cardinal Sales","og_description":"\u00c0 propos de nous NOUS SOMMES UN AGENT MANUFACTURIER, SP\u00c9CIALIS\u00c9 DANS LA REPR\u00c9SENTATION ET LA DISTRIBUTION DE PRODUITS DE M\u00c9CANIQUE DU B\u00c2TIMENT. Comprendre vos attentes, \u00e9tablir une relation de confiance, \u00e9valuer vos s\u00e9lections techniques : voil\u00e0 notre mission. Oeuvrant dans le domaine de la plomberie depuis plus de 12 ans, tout en ayant \u00e0 coeur [&hellip;]","og_url":"https:\/\/cardinalsales.ca\/fr\/a-propos\/","og_site_name":"Cardinal Sales","article_modified_time":"2022-05-30T18:53:00+00:00","twitter_card":"summary_large_image","twitter_misc":{"Dur\u00e9e de lecture estim\u00e9e":"1 minute"},"schema":{"@context":"https:\/\/schema.org","@graph":[{"@type":"WebPage","@id":"https:\/\/cardinalsales.ca\/fr\/a-propos\/","url":"https:\/\/cardinalsales.ca\/fr\/a-propos\/","name":"\u00c0 propos - Cardinal Sales","isPartOf":{"@id":"https:\/\/cardinalsales.ca\/#website"},"datePublished":"2022-03-04T18:58:02+00:00","dateModified":"2022-05-30T18:53:00+00:00","breadcrumb":{"@id":"https:\/\/cardinalsales.ca\/fr\/a-propos\/#breadcrumb"},"inLanguage":"fr-FR","potentialAction":[{"@type":"ReadAction","target":["https:\/\/cardinalsales.ca\/fr\/a-propos\/"]}]},{"@type":"BreadcrumbList","@id":"https:\/\/cardinalsales.ca\/fr\/a-propos\/#breadcrumb","itemListElement":[{"@type":"ListItem","position":1,"name":"Home","item":"https:\/\/cardinalsales.ca\/fr\/"},{"@type":"ListItem","position":2,"name":"\u00c0 propos"}]},{"@type":"WebSite","@id":"https:\/\/cardinalsales.ca\/#website","url":"https:\/\/cardinalsales.ca\/","name":"Cardinal Sales","description":"","publisher":{"@id":"https:\/\/cardinalsales.ca\/#organization"},"potentialAction":[{"@type":"SearchAction","target":{"@type":"EntryPoint","urlTemplate":"https:\/\/cardinalsales.ca\/?s={search_term_string}"},"query-input":{"@type":"PropertyValueSpecification","valueRequired":true,"valueName":"search_term_string"}}],"inLanguage":"fr-FR"},{"@type":"Organization","@id":"https:\/\/cardinalsales.ca\/#organization","name":"Cardinal Sales","url":"https:\/\/cardinalsales.ca\/","logo":{"@type":"ImageObject","inLanguage":"fr-FR","@id":"https:\/\/cardinalsales.ca\/#\/schema\/logo\/image\/","url":"https:\/\/cardinalsales.ca\/wp-content\/uploads\/2021\/05\/logocardinals.png","contentUrl":"https:\/\/cardinalsales.ca\/wp-content\/uploads\/2021\/05\/logocardinals.png","width":600,"height":168,"caption":"Cardinal Sales"},"image":{"@id":"https:\/\/cardinalsales.ca\/#\/schema\/logo\/image\/"}}]}},"_links":{"self":[{"href":"https:\/\/cardinalsales.ca\/fr\/wp-json\/wp\/v2\/pages\/1616","targetHints":{"allow":["GET"]}}],"collection":[{"href":"https:\/\/cardinalsales.ca\/fr\/wp-json\/wp\/v2\/pages"}],"about":[{"href":"https:\/\/cardinalsales.ca\/fr\/wp-json\/wp\/v2\/types\/page"}],"author":[{"embeddable":true,"href":"https:\/\/cardinalsales.ca\/fr\/wp-json\/wp\/v2\/users\/1"}],"replies":[{"embeddable":true,"href":"https:\/\/cardinalsales.ca\/fr\/wp-json\/wp\/v2\/comments?post=1616"}],"version-history":[{"count":10,"href":"https:\/\/cardinalsales.ca\/fr\/wp-json\/wp\/v2\/pages\/1616\/revisions"}],"predecessor-version":[{"id":2058,"href":"https:\/\/cardinalsales.ca\/fr\/wp-json\/wp\/v2\/pages\/1616\/revisions\/2058"}],"wp:attachment":[{"href":"https:\/\/cardinalsales.ca\/fr\/wp-json\/wp\/v2\/media?parent=1616"}],"curies":[{"name":"wp","href":"https:\/\/api.w.org\/{rel}","templated":true}]}}