{"id":1614,"date":"2022-03-04T18:56:44","date_gmt":"2022-03-04T18:56:44","guid":{"rendered":"https:\/\/cardinal2021.dev.gxi.co\/?page_id=1614"},"modified":"2022-06-10T17:29:22","modified_gmt":"2022-06-10T17:29:22","slug":"acceuil","status":"publish","type":"page","link":"https:\/\/cardinalsales.ca\/fr\/","title":{"rendered":"Acceuil"},"content":{"rendered":"\t\t<div data-elementor-type=\"wp-page\" data-elementor-id=\"1614\" class=\"elementor elementor-1614 elementor-2\" data-elementor-post-type=\"page\">\n\t\t\t\t\t\t<section class=\"elementor-section elementor-top-section elementor-element elementor-element-e685d69 elementor-section-full_width elementor-section-content-top elementor-section-height-default elementor-section-height-default\" data-id=\"e685d69\" data-element_type=\"section\" data-settings=\"{&quot;background_background&quot;:&quot;classic&quot;}\">\n\t\t\t\t\t\t\t<div class=\"elementor-background-overlay\"><\/div>\n\t\t\t\t\t\t\t<div class=\"elementor-container elementor-column-gap-no\">\n\t\t\t\t\t<div class=\"elementor-column elementor-col-100 elementor-top-column elementor-element elementor-element-cb75aa7\" data-id=\"cb75aa7\" data-element_type=\"column\" data-settings=\"{&quot;background_background&quot;:&quot;classic&quot;}\">\n\t\t\t<div class=\"elementor-widget-wrap elementor-element-populated\">\n\t\t\t\t\t<div class=\"elementor-background-overlay\"><\/div>\n\t\t\t\t\t\t<div class=\"elementor-element elementor-element-e7263b9 elementor--h-position-left elementor--v-position-middle elementor-arrows-position-inside elementor-pagination-position-inside elementor-widget elementor-widget-slides\" data-id=\"e7263b9\" data-element_type=\"widget\" data-settings=\"{&quot;navigation&quot;:&quot;both&quot;,&quot;autoplay&quot;:&quot;yes&quot;,&quot;pause_on_hover&quot;:&quot;yes&quot;,&quot;pause_on_interaction&quot;:&quot;yes&quot;,&quot;autoplay_speed&quot;:5000,&quot;infinite&quot;:&quot;yes&quot;,&quot;transition&quot;:&quot;slide&quot;,&quot;transition_speed&quot;:500}\" data-widget_type=\"slides.default\">\n\t\t\t\t<div class=\"elementor-widget-container\">\n\t\t\t\t\t\t\t\t\t<div class=\"elementor-swiper\">\n\t\t\t\t\t<div class=\"elementor-slides-wrapper elementor-main-swiper swiper\" role=\"region\" aria-roledescription=\"carousel\" aria-label=\"Diapositives\" dir=\"ltr\" data-animation=\"fadeInUp\">\n\t\t\t\t<div class=\"swiper-wrapper elementor-slides\">\n\t\t\t\t\t\t\t\t\t\t<div class=\"elementor-repeater-item-92fa4b7 swiper-slide\" role=\"group\" aria-roledescription=\"slide\"><div class=\"swiper-slide-bg\" role=\"img\"><\/div><a class=\"swiper-slide-inner\" href=\"\/fr\/a-propos\/\"><div class=\"swiper-slide-contents\"><div class=\"elementor-slide-heading\">VOS PROJETS <br> SONT ENTRE <br>BONNES MAINS<\/div><div  class=\"elementor-button elementor-slide-button elementor-size-md\">EN SAVOIR PLUS !<\/div><\/div><\/a><\/div><div class=\"elementor-repeater-item-5fe1c8b swiper-slide\" role=\"group\" aria-roledescription=\"slide\"><div class=\"swiper-slide-bg\" role=\"img\"><\/div><a class=\"swiper-slide-inner\" href=\"\/fr\/a-propos\/\"><div class=\"swiper-slide-contents\"><div class=\"elementor-slide-heading\">L\u2019AGENT MANUFACTURIER <br> QUI FAIT LA DIFF\u00c9RENCE <br>AU CANADA !<\/div><div  class=\"elementor-button elementor-slide-button elementor-size-md\">EN SAVOIR PLUS !<\/div><\/div><\/a><\/div>\t\t\t\t<\/div>\n\t\t\t\t\t\t\t\t\t\t\t\t\t\t\t<div class=\"elementor-swiper-button elementor-swiper-button-prev\" role=\"button\" tabindex=\"0\" aria-label=\"Diapositive pr\u00e9c\u00e9dente\">\n\t\t\t\t\t\t\t<i aria-hidden=\"true\" class=\"eicon-chevron-left\"><\/i>\t\t\t\t\t\t<\/div>\n\t\t\t\t\t\t<div class=\"elementor-swiper-button elementor-swiper-button-next\" role=\"button\" tabindex=\"0\" aria-label=\"Diapositive suivante\">\n\t\t\t\t\t\t\t<i aria-hidden=\"true\" class=\"eicon-chevron-right\"><\/i>\t\t\t\t\t\t<\/div>\n\t\t\t\t\t\t\t\t\t\t\t\t\t\t\t\t<div class=\"swiper-pagination\"><\/div>\n\t\t\t\t\t\t\t\t\t\t\t\t<\/div>\n\t\t\t\t<\/div>\n\t\t\t\t\t\t\t\t<\/div>\n\t\t\t\t<\/div>\n\t\t\t\t\t<\/div>\n\t\t<\/div>\n\t\t\t\t\t<\/div>\n\t\t<\/section>\n\t\t\t\t<section class=\"elementor-section elementor-top-section elementor-element elementor-element-fe1eb2b elementor-section-boxed elementor-section-height-default elementor-section-height-default elementor-invisible\" data-id=\"fe1eb2b\" data-element_type=\"section\" data-settings=\"{&quot;animation&quot;:&quot;fadeInUp&quot;}\">\n\t\t\t\t\t\t<div class=\"elementor-container elementor-column-gap-default\">\n\t\t\t\t\t<div class=\"elementor-column elementor-col-100 elementor-top-column elementor-element elementor-element-424df78\" data-id=\"424df78\" data-element_type=\"column\">\n\t\t\t<div class=\"elementor-widget-wrap elementor-element-populated\">\n\t\t\t\t\t\t<div class=\"elementor-element elementor-element-c393260 elementor-widget elementor-widget-heading\" data-id=\"c393260\" data-element_type=\"widget\" data-widget_type=\"heading.default\">\n\t\t\t\t<div class=\"elementor-widget-container\">\n\t\t\t\t\t<h2 class=\"elementor-heading-title elementor-size-default\">NOUS SOMMES UN AGENT MANUFACTURIER, SP\u00c9CIALIS\u00c9 DANS LA REPR\u00c9SENTATION ET LA DISTRIBUTION DE PRODUITS DE M\u00c9CANIQUE DU B\u00c2TIMENT.<\/h2>\t\t\t\t<\/div>\n\t\t\t\t<\/div>\n\t\t\t\t<div class=\"elementor-element elementor-element-d5caf01 elementor-widget elementor-widget-text-editor\" data-id=\"d5caf01\" data-element_type=\"widget\" data-widget_type=\"text-editor.default\">\n\t\t\t\t<div class=\"elementor-widget-container\">\n\t\t\t\t\t\t\t\t\t<p>Comprendre vos attentes, \u00e9tablir une relation de confiance, \u00e9valuer vos s\u00e9lections techniques : voil\u00e0 notre mission.<br \/>Nous \u0153uvrons dans le domaine de la plomberie depuis plus de 12 ans, tout en ayant \u00e0 c\u0153ur le d\u00e9veloppement et la r\u00e9alisation de vos projets.<\/p><p>Chez Cardinal, nos conseillers vous offrent une collaboration empreinte d\u2019une qualit\u00e9 tant humaine que technique.<br \/>Avec notre entrep\u00f4t sur place, nous prenons une attention particuli\u00e8re \u00e0 vous offrir un service des plus rapides et courtois pour ainsi vous faire \u00e9pargner du temps.<\/p><p>\u00c9tant agr\u00e9ment\u00e9 formateur, notre salle de formation est \u00e0 votre disposition dans le but de vous seconder dans l&rsquo;apprentissage de nouveaux produits et services offerts.<\/p><p>Nous souhaitons la bienvenue \u00e0 notre client\u00e8le et gr\u00e2ce \u00e0 ce site, nous esp\u00e9rons r\u00e9pondre \u00e0 vos attentes en tout temps.<\/p>\t\t\t\t\t\t\t\t<\/div>\n\t\t\t\t<\/div>\n\t\t\t\t\t<\/div>\n\t\t<\/div>\n\t\t\t\t\t<\/div>\n\t\t<\/section>\n\t\t\t\t<section class=\"elementor-section elementor-top-section elementor-element elementor-element-278a85b elementor-section-full_width elementor-section-height-default elementor-section-height-default\" data-id=\"278a85b\" data-element_type=\"section\" data-settings=\"{&quot;background_background&quot;:&quot;classic&quot;}\">\n\t\t\t\t\t\t<div class=\"elementor-container elementor-column-gap-default\">\n\t\t\t\t\t<div class=\"elementor-column elementor-col-50 elementor-top-column elementor-element elementor-element-83fc557 elementor-invisible\" data-id=\"83fc557\" data-element_type=\"column\" data-settings=\"{&quot;background_background&quot;:&quot;classic&quot;,&quot;animation&quot;:&quot;fadeInUp&quot;}\">\n\t\t\t<div class=\"elementor-widget-wrap elementor-element-populated\">\n\t\t\t\t\t\t<div class=\"elementor-element elementor-element-6716ebb elementor-invisible elementor-widget elementor-widget-heading\" data-id=\"6716ebb\" data-element_type=\"widget\" data-settings=\"{&quot;_animation&quot;:&quot;fadeInUp&quot;,&quot;_animation_delay&quot;:300}\" data-widget_type=\"heading.default\">\n\t\t\t\t<div class=\"elementor-widget-container\">\n\t\t\t\t\t<h2 class=\"elementor-heading-title elementor-size-default\">UNE PLATEFORME<br>\nQUI VOUS SUIS<br>\nPARTOUT !<\/h2>\t\t\t\t<\/div>\n\t\t\t\t<\/div>\n\t\t\t\t\t<\/div>\n\t\t<\/div>\n\t\t\t\t<div class=\"elementor-column elementor-col-50 elementor-top-column elementor-element elementor-element-b5d789c elementor-invisible\" data-id=\"b5d789c\" data-element_type=\"column\" data-settings=\"{&quot;background_background&quot;:&quot;classic&quot;,&quot;animation&quot;:&quot;fadeInUp&quot;}\">\n\t\t\t<div class=\"elementor-widget-wrap elementor-element-populated\">\n\t\t\t\t\t<div class=\"elementor-background-overlay\"><\/div>\n\t\t\t\t\t\t<div class=\"elementor-element elementor-element-781bfc3 elementor-invisible elementor-widget elementor-widget-heading\" data-id=\"781bfc3\" data-element_type=\"widget\" data-settings=\"{&quot;_animation&quot;:&quot;fadeInUp&quot;,&quot;_animation_delay&quot;:300}\" data-widget_type=\"heading.default\">\n\t\t\t\t<div class=\"elementor-widget-container\">\n\t\t\t\t\t<h2 class=\"elementor-heading-title elementor-size-default\">SP\u00c9CIFICATION <BR>TECHNIQUE &amp;<BR> COLLABORATION !<\/h2>\t\t\t\t<\/div>\n\t\t\t\t<\/div>\n\t\t\t\t\t<\/div>\n\t\t<\/div>\n\t\t\t\t\t<\/div>\n\t\t<\/section>\n\t\t\t\t<section class=\"elementor-section elementor-top-section elementor-element elementor-element-c6af30a elementor-section-boxed elementor-section-height-default elementor-section-height-default elementor-invisible\" data-id=\"c6af30a\" data-element_type=\"section\" data-settings=\"{&quot;animation&quot;:&quot;fadeInUp&quot;}\">\n\t\t\t\t\t\t<div class=\"elementor-container elementor-column-gap-default\">\n\t\t\t\t\t<div class=\"elementor-column elementor-col-100 elementor-top-column elementor-element elementor-element-538700f\" data-id=\"538700f\" data-element_type=\"column\">\n\t\t\t<div class=\"elementor-widget-wrap elementor-element-populated\">\n\t\t\t\t\t\t<div class=\"elementor-element elementor-element-6627e1e elementor-widget elementor-widget-heading\" data-id=\"6627e1e\" data-element_type=\"widget\" data-widget_type=\"heading.default\">\n\t\t\t\t<div class=\"elementor-widget-container\">\n\t\t\t\t\t<h3 class=\"elementor-heading-title elementor-size-default\">CONTACTER NOTRE \u00c9QUIPE DE REPR\u00c9SENTANT ILS VOUS OFFRIRONS UN SERVICE\nPERSONNALIS\u00c9 DE VENTE ET DE DISTRIBUTION DE PRODUITS DE PLOMBERIE.<\/h3>\t\t\t\t<\/div>\n\t\t\t\t<\/div>\n\t\t\t\t<div class=\"elementor-element elementor-element-322b380 elementor-align-right elementor-widget elementor-widget-button\" data-id=\"322b380\" data-element_type=\"widget\" data-widget_type=\"button.default\">\n\t\t\t\t<div class=\"elementor-widget-container\">\n\t\t\t\t\t\t\t\t\t<div class=\"elementor-button-wrapper\">\n\t\t\t\t\t<a class=\"elementor-button elementor-button-link elementor-size-sm elementor-animation-grow\" href=\"\/fr\/a-propos\/\">\n\t\t\t\t\t\t<span class=\"elementor-button-content-wrapper\">\n\t\t\t\t\t\t\t\t\t<span class=\"elementor-button-text\">EN SAVOIR PLUS !<\/span>\n\t\t\t\t\t<\/span>\n\t\t\t\t\t<\/a>\n\t\t\t\t<\/div>\n\t\t\t\t\t\t\t\t<\/div>\n\t\t\t\t<\/div>\n\t\t\t\t\t<\/div>\n\t\t<\/div>\n\t\t\t\t\t<\/div>\n\t\t<\/section>\n\t\t\t\t<\/div>\n\t\t","protected":false},"excerpt":{"rendered":"<p>VOS PROJETS SONT ENTRE BONNES MAINSEN SAVOIR PLUS !L\u2019AGENT MANUFACTURIER QUI FAIT LA DIFF\u00c9RENCE AU CANADA !EN SAVOIR PLUS ! Previous Next NOUS SOMMES UN AGENT MANUFACTURIER, SP\u00c9CIALIS\u00c9 DANS LA REPR\u00c9SENTATION ET LA DISTRIBUTION DE PRODUITS DE M\u00c9CANIQUE DU B\u00c2TIMENT. Comprendre vos attentes, \u00e9tablir une relation de confiance, \u00e9valuer vos s\u00e9lections techniques : voil\u00e0 notre [&hellip;]<\/p>\n","protected":false},"author":1,"featured_media":0,"parent":0,"menu_order":0,"comment_status":"closed","ping_status":"closed","template":"","meta":{"site-sidebar-layout":"default","site-content-layout":"default","ast-site-content-layout":"default","site-content-style":"default","site-sidebar-style":"default","ast-global-header-display":"","ast-banner-title-visibility":"","ast-main-header-display":"","ast-hfb-above-header-display":"","ast-hfb-below-header-display":"","ast-hfb-mobile-header-display":"","site-post-title":"disabled","ast-breadcrumbs-content":"","ast-featured-img":"","footer-sml-layout":"","theme-transparent-header-meta":"default","adv-header-id-meta":"","stick-header-meta":"","header-above-stick-meta":"","header-main-stick-meta":"","header-below-stick-meta":"","astra-migrate-meta-layouts":"default","ast-page-background-enabled":"default","ast-page-background-meta":{"desktop":{"background-color":"","background-image":"","background-repeat":"repeat","background-position":"center center","background-size":"auto","background-attachment":"scroll","background-type":"","background-media":"","overlay-type":"","overlay-color":"","overlay-opacity":"","overlay-gradient":""},"tablet":{"background-color":"","background-image":"","background-repeat":"repeat","background-position":"center center","background-size":"auto","background-attachment":"scroll","background-type":"","background-media":"","overlay-type":"","overlay-color":"","overlay-opacity":"","overlay-gradient":""},"mobile":{"background-color":"","background-image":"","background-repeat":"repeat","background-position":"center center","background-size":"auto","background-attachment":"scroll","background-type":"","background-media":"","overlay-type":"","overlay-color":"","overlay-opacity":"","overlay-gradient":""}},"ast-content-background-meta":{"desktop":{"background-color":"var(--ast-global-color-5)","background-image":"","background-repeat":"repeat","background-position":"center center","background-size":"auto","background-attachment":"scroll","background-type":"","background-media":"","overlay-type":"","overlay-color":"","overlay-opacity":"","overlay-gradient":""},"tablet":{"background-color":"var(--ast-global-color-5)","background-image":"","background-repeat":"repeat","background-position":"center center","background-size":"auto","background-attachment":"scroll","background-type":"","background-media":"","overlay-type":"","overlay-color":"","overlay-opacity":"","overlay-gradient":""},"mobile":{"background-color":"var(--ast-global-color-5)","background-image":"","background-repeat":"repeat","background-position":"center center","background-size":"auto","background-attachment":"scroll","background-type":"","background-media":"","overlay-type":"","overlay-color":"","overlay-opacity":"","overlay-gradient":""}},"footnotes":""},"class_list":["post-1614","page","type-page","status-publish","hentry"],"yoast_head":"<!-- This site is optimized with the Yoast SEO plugin v26.4 - https:\/\/yoast.com\/wordpress\/plugins\/seo\/ -->\n<title>Acceuil - Cardinal Sales<\/title>\n<meta name=\"robots\" content=\"index, follow, max-snippet:-1, max-image-preview:large, max-video-preview:-1\" \/>\n<link rel=\"canonical\" href=\"https:\/\/cardinalsales.ca\/fr\/\" \/>\n<meta property=\"og:locale\" content=\"fr_FR\" \/>\n<meta property=\"og:type\" content=\"article\" \/>\n<meta property=\"og:title\" content=\"Acceuil - Cardinal Sales\" \/>\n<meta property=\"og:description\" content=\"VOS PROJETS SONT ENTRE BONNES MAINSEN SAVOIR PLUS !L\u2019AGENT MANUFACTURIER QUI FAIT LA DIFF\u00c9RENCE AU CANADA !EN SAVOIR PLUS ! Previous Next NOUS SOMMES UN AGENT MANUFACTURIER, SP\u00c9CIALIS\u00c9 DANS LA REPR\u00c9SENTATION ET LA DISTRIBUTION DE PRODUITS DE M\u00c9CANIQUE DU B\u00c2TIMENT. Comprendre vos attentes, \u00e9tablir une relation de confiance, \u00e9valuer vos s\u00e9lections techniques : voil\u00e0 notre [&hellip;]\" \/>\n<meta property=\"og:url\" content=\"https:\/\/cardinalsales.ca\/fr\/\" \/>\n<meta property=\"og:site_name\" content=\"Cardinal Sales\" \/>\n<meta property=\"article:modified_time\" content=\"2022-06-10T17:29:22+00:00\" \/>\n<meta name=\"twitter:card\" content=\"summary_large_image\" \/>\n<meta name=\"twitter:label1\" content=\"Dur\u00e9e de lecture estim\u00e9e\" \/>\n\t<meta name=\"twitter:data1\" content=\"2 minutes\" \/>\n<script type=\"application\/ld+json\" class=\"yoast-schema-graph\">{\"@context\":\"https:\/\/schema.org\",\"@graph\":[{\"@type\":\"WebPage\",\"@id\":\"https:\/\/cardinalsales.ca\/fr\/\",\"url\":\"https:\/\/cardinalsales.ca\/fr\/\",\"name\":\"Acceuil - Cardinal Sales\",\"isPartOf\":{\"@id\":\"https:\/\/cardinalsales.ca\/#website\"},\"datePublished\":\"2022-03-04T18:56:44+00:00\",\"dateModified\":\"2022-06-10T17:29:22+00:00\",\"breadcrumb\":{\"@id\":\"https:\/\/cardinalsales.ca\/fr\/#breadcrumb\"},\"inLanguage\":\"fr-FR\",\"potentialAction\":[{\"@type\":\"ReadAction\",\"target\":[\"https:\/\/cardinalsales.ca\/fr\/\"]}]},{\"@type\":\"BreadcrumbList\",\"@id\":\"https:\/\/cardinalsales.ca\/fr\/#breadcrumb\",\"itemListElement\":[{\"@type\":\"ListItem\",\"position\":1,\"name\":\"Home\",\"item\":\"https:\/\/cardinalsales.ca\/fr\/\"},{\"@type\":\"ListItem\",\"position\":2,\"name\":\"Acceuil\"}]},{\"@type\":\"WebSite\",\"@id\":\"https:\/\/cardinalsales.ca\/#website\",\"url\":\"https:\/\/cardinalsales.ca\/\",\"name\":\"Cardinal Sales\",\"description\":\"\",\"publisher\":{\"@id\":\"https:\/\/cardinalsales.ca\/#organization\"},\"potentialAction\":[{\"@type\":\"SearchAction\",\"target\":{\"@type\":\"EntryPoint\",\"urlTemplate\":\"https:\/\/cardinalsales.ca\/?s={search_term_string}\"},\"query-input\":{\"@type\":\"PropertyValueSpecification\",\"valueRequired\":true,\"valueName\":\"search_term_string\"}}],\"inLanguage\":\"fr-FR\"},{\"@type\":\"Organization\",\"@id\":\"https:\/\/cardinalsales.ca\/#organization\",\"name\":\"Cardinal Sales\",\"url\":\"https:\/\/cardinalsales.ca\/\",\"logo\":{\"@type\":\"ImageObject\",\"inLanguage\":\"fr-FR\",\"@id\":\"https:\/\/cardinalsales.ca\/#\/schema\/logo\/image\/\",\"url\":\"https:\/\/cardinalsales.ca\/wp-content\/uploads\/2021\/05\/logocardinals.png\",\"contentUrl\":\"https:\/\/cardinalsales.ca\/wp-content\/uploads\/2021\/05\/logocardinals.png\",\"width\":600,\"height\":168,\"caption\":\"Cardinal Sales\"},\"image\":{\"@id\":\"https:\/\/cardinalsales.ca\/#\/schema\/logo\/image\/\"}}]}<\/script>\n<!-- \/ Yoast SEO plugin. -->","yoast_head_json":{"title":"Acceuil - Cardinal Sales","robots":{"index":"index","follow":"follow","max-snippet":"max-snippet:-1","max-image-preview":"max-image-preview:large","max-video-preview":"max-video-preview:-1"},"canonical":"https:\/\/cardinalsales.ca\/fr\/","og_locale":"fr_FR","og_type":"article","og_title":"Acceuil - Cardinal Sales","og_description":"VOS PROJETS SONT ENTRE BONNES MAINSEN SAVOIR PLUS !L\u2019AGENT MANUFACTURIER QUI FAIT LA DIFF\u00c9RENCE AU CANADA !EN SAVOIR PLUS ! Previous Next NOUS SOMMES UN AGENT MANUFACTURIER, SP\u00c9CIALIS\u00c9 DANS LA REPR\u00c9SENTATION ET LA DISTRIBUTION DE PRODUITS DE M\u00c9CANIQUE DU B\u00c2TIMENT. Comprendre vos attentes, \u00e9tablir une relation de confiance, \u00e9valuer vos s\u00e9lections techniques : voil\u00e0 notre [&hellip;]","og_url":"https:\/\/cardinalsales.ca\/fr\/","og_site_name":"Cardinal Sales","article_modified_time":"2022-06-10T17:29:22+00:00","twitter_card":"summary_large_image","twitter_misc":{"Dur\u00e9e de lecture estim\u00e9e":"2 minutes"},"schema":{"@context":"https:\/\/schema.org","@graph":[{"@type":"WebPage","@id":"https:\/\/cardinalsales.ca\/fr\/","url":"https:\/\/cardinalsales.ca\/fr\/","name":"Acceuil - Cardinal Sales","isPartOf":{"@id":"https:\/\/cardinalsales.ca\/#website"},"datePublished":"2022-03-04T18:56:44+00:00","dateModified":"2022-06-10T17:29:22+00:00","breadcrumb":{"@id":"https:\/\/cardinalsales.ca\/fr\/#breadcrumb"},"inLanguage":"fr-FR","potentialAction":[{"@type":"ReadAction","target":["https:\/\/cardinalsales.ca\/fr\/"]}]},{"@type":"BreadcrumbList","@id":"https:\/\/cardinalsales.ca\/fr\/#breadcrumb","itemListElement":[{"@type":"ListItem","position":1,"name":"Home","item":"https:\/\/cardinalsales.ca\/fr\/"},{"@type":"ListItem","position":2,"name":"Acceuil"}]},{"@type":"WebSite","@id":"https:\/\/cardinalsales.ca\/#website","url":"https:\/\/cardinalsales.ca\/","name":"Cardinal Sales","description":"","publisher":{"@id":"https:\/\/cardinalsales.ca\/#organization"},"potentialAction":[{"@type":"SearchAction","target":{"@type":"EntryPoint","urlTemplate":"https:\/\/cardinalsales.ca\/?s={search_term_string}"},"query-input":{"@type":"PropertyValueSpecification","valueRequired":true,"valueName":"search_term_string"}}],"inLanguage":"fr-FR"},{"@type":"Organization","@id":"https:\/\/cardinalsales.ca\/#organization","name":"Cardinal Sales","url":"https:\/\/cardinalsales.ca\/","logo":{"@type":"ImageObject","inLanguage":"fr-FR","@id":"https:\/\/cardinalsales.ca\/#\/schema\/logo\/image\/","url":"https:\/\/cardinalsales.ca\/wp-content\/uploads\/2021\/05\/logocardinals.png","contentUrl":"https:\/\/cardinalsales.ca\/wp-content\/uploads\/2021\/05\/logocardinals.png","width":600,"height":168,"caption":"Cardinal Sales"},"image":{"@id":"https:\/\/cardinalsales.ca\/#\/schema\/logo\/image\/"}}]}},"_links":{"self":[{"href":"https:\/\/cardinalsales.ca\/fr\/wp-json\/wp\/v2\/pages\/1614","targetHints":{"allow":["GET"]}}],"collection":[{"href":"https:\/\/cardinalsales.ca\/fr\/wp-json\/wp\/v2\/pages"}],"about":[{"href":"https:\/\/cardinalsales.ca\/fr\/wp-json\/wp\/v2\/types\/page"}],"author":[{"embeddable":true,"href":"https:\/\/cardinalsales.ca\/fr\/wp-json\/wp\/v2\/users\/1"}],"replies":[{"embeddable":true,"href":"https:\/\/cardinalsales.ca\/fr\/wp-json\/wp\/v2\/comments?post=1614"}],"version-history":[{"count":41,"href":"https:\/\/cardinalsales.ca\/fr\/wp-json\/wp\/v2\/pages\/1614\/revisions"}],"predecessor-version":[{"id":2125,"href":"https:\/\/cardinalsales.ca\/fr\/wp-json\/wp\/v2\/pages\/1614\/revisions\/2125"}],"wp:attachment":[{"href":"https:\/\/cardinalsales.ca\/fr\/wp-json\/wp\/v2\/media?parent=1614"}],"curies":[{"name":"wp","href":"https:\/\/api.w.org\/{rel}","templated":true}]}}